{"id":9536,"date":"2023-03-02T12:37:35","date_gmt":"2023-03-02T11:37:35","guid":{"rendered":"https:\/\/multivloeremmen.nl\/shop\/?post_type=product&#038;p=9536"},"modified":"2023-03-02T14:42:44","modified_gmt":"2023-03-02T13:42:44","slug":"floorify-f030-rigid-click-pebble-beach","status":"publish","type":"product","link":"https:\/\/multivloeremmen.nl\/shop\/p\/floorify-f030-rigid-click-pebble-beach\/","title":{"rendered":"Floorify F030 Rigid Click Pebble Beach"},"content":{"rendered":"","protected":false},"excerpt":{"rendered":"<p>Deze pvc tegel van Floorify heeft een uitstraling van beton\/natuursteen. De vloeren zijn extreem schok bestendig daar staat Floorify bekend om. Zo zijn de vloeren waterbestendig en overal te gebruiken. De slimme combinatie van de geluidsabsorberende Floorify vloer en comfort ondervloer cre\u00ebert een heerlijk zacht loopoppervlak en een akoestische laag. Wil je in \u00e9\u00e9n ruimte meerdere vloeren van Floorify dit kan zonder overgangsprofiel. Zo krijg je een mooie strakke overgang. Floorify heeft de plinten en profielen in dezelfde kleur en uitvoering als de vloer. De vloer heeft een ondervloer die aan de 10dB norm voldoet. Deze tegel is er in twee afmetingen.<\/p>\n","protected":false},"featured_media":9537,"comment_status":"closed","ping_status":"closed","template":"","meta":[],"product_cat":[19],"product_tag":[],"class_list":["post-9536","product","type-product","status-publish","has-post-thumbnail","hentry","product_cat-pvc"],"acf":[],"_links":{"self":[{"href":"https:\/\/multivloeremmen.nl\/shop\/wp-json\/wp\/v2\/product\/9536","targetHints":{"allow":["GET"]}}],"collection":[{"href":"https:\/\/multivloeremmen.nl\/shop\/wp-json\/wp\/v2\/product"}],"about":[{"href":"https:\/\/multivloeremmen.nl\/shop\/wp-json\/wp\/v2\/types\/product"}],"replies":[{"embeddable":true,"href":"https:\/\/multivloeremmen.nl\/shop\/wp-json\/wp\/v2\/comments?post=9536"}],"wp:featuredmedia":[{"embeddable":true,"href":"https:\/\/multivloeremmen.nl\/shop\/wp-json\/wp\/v2\/media\/9537"}],"wp:attachment":[{"href":"https:\/\/multivloeremmen.nl\/shop\/wp-json\/wp\/v2\/media?parent=9536"}],"wp:term":[{"taxonomy":"product_cat","embeddable":true,"href":"https:\/\/multivloeremmen.nl\/shop\/wp-json\/wp\/v2\/product_cat?post=9536"},{"taxonomy":"product_tag","embeddable":true,"href":"https:\/\/multivloeremmen.nl\/shop\/wp-json\/wp\/v2\/product_tag?post=9536"}],"curies":[{"name":"wp","href":"https:\/\/api.w.org\/{rel}","templated":true}]}}