{"id":7454,"date":"2022-12-29T13:36:22","date_gmt":"2022-12-29T12:36:22","guid":{"rendered":"https:\/\/multivloeremmen.nl\/shop\/?post_type=product&#038;p=7454"},"modified":"2025-01-16T12:45:40","modified_gmt":"2025-01-16T11:45:40","slug":"royl-oil-1k-4550-clear-5l","status":"publish","type":"product","link":"https:\/\/multivloeremmen.nl\/shop\/p\/royl-oil-1k-4550-clear-5l\/","title":{"rendered":"Royl Oil 1K #4550 clear 5L"},"content":{"rendered":"<p>Rigo Royl 1K BESCHERMENDE OLIE SINDS 1982<\/p>\n<p>De meester oliemakers van RIGO Verffabriek maken al bijna 40 jaar de ROYL vloeroli\u00ebn van 100% plantaardige olie en zo sterk dat \u00e9\u00e9n behandeling volstaat. De olie dringt diep in de pori\u00ebn van het hout en beschermt daardoor het hout langdurig van binnenuit tegen water en vuil.<\/p>\n<ul>\n<li>1 componenten olie.<\/li>\n<li>Lange opentijd, geeft weinig weerstand bij het boenen. Laat zich daardoor makkelijk verdelen en droogwrijven.<\/li>\n<li>1 laag is voldoende.<\/li>\n<li>Na 24 uur belastbaar. Bevat geen oplosmiddelen.; hoog rendement 25-40 m\u00b2 p\/l.<\/li>\n<li>Losse kleurpigmenten in pouch: flexibel in gebruik.<\/li>\n<li>ROYL OIL 1K is alleen verkrijgbaar in Clear #4550. Voorheen Aquamarijn Corcol.<\/li>\n<li>Volledig Ecologisch product. Past in duurzaam en circulair bouwen.<\/li>\n<li>Heeft mooi matte natuurlijke uitstraling.<\/li>\n<li>100% Plantaardig. 100% oplosmiddelvrij.<\/li>\n<li>Vloer na 24 uur belastbaar, na 1 week vochtbestendig.<\/li>\n<li>Beschikbaar in 24 standaard kleuren.<\/li>\n<li>Kleuren onderling vermengbaar.<\/li>\n<li>A+ Indoor Air Quality Certified.<\/li>\n<\/ul>\n<p><em>Doeken e.d. met drogende olie kunnen door broei ontbranden: uitgevouwen laten drogen of onder water bewaren<\/em><\/p>\n","protected":false},"excerpt":{"rendered":"<p>Impregneert, voedt en beschermt hout van binnenuit.<\/p>\n","protected":false},"featured_media":7455,"comment_status":"closed","ping_status":"closed","template":"","meta":[],"product_cat":[691],"product_tag":[692],"class_list":["post-7454","product","type-product","status-publish","has-post-thumbnail","hentry","product_cat-royl-olien","product_tag-royl"],"acf":[],"_links":{"self":[{"href":"https:\/\/multivloeremmen.nl\/shop\/wp-json\/wp\/v2\/product\/7454","targetHints":{"allow":["GET"]}}],"collection":[{"href":"https:\/\/multivloeremmen.nl\/shop\/wp-json\/wp\/v2\/product"}],"about":[{"href":"https:\/\/multivloeremmen.nl\/shop\/wp-json\/wp\/v2\/types\/product"}],"replies":[{"embeddable":true,"href":"https:\/\/multivloeremmen.nl\/shop\/wp-json\/wp\/v2\/comments?post=7454"}],"wp:featuredmedia":[{"embeddable":true,"href":"https:\/\/multivloeremmen.nl\/shop\/wp-json\/wp\/v2\/media\/7455"}],"wp:attachment":[{"href":"https:\/\/multivloeremmen.nl\/shop\/wp-json\/wp\/v2\/media?parent=7454"}],"wp:term":[{"taxonomy":"product_cat","embeddable":true,"href":"https:\/\/multivloeremmen.nl\/shop\/wp-json\/wp\/v2\/product_cat?post=7454"},{"taxonomy":"product_tag","embeddable":true,"href":"https:\/\/multivloeremmen.nl\/shop\/wp-json\/wp\/v2\/product_tag?post=7454"}],"curies":[{"name":"wp","href":"https:\/\/api.w.org\/{rel}","templated":true}]}}