{"id":11952,"date":"2024-08-29T16:33:41","date_gmt":"2024-08-29T14:33:41","guid":{"rendered":"https:\/\/multivloeremmen.nl\/shop\/?post_type=product&#038;p=11952"},"modified":"2024-08-29T16:34:44","modified_gmt":"2024-08-29T14:34:44","slug":"floorify-f093-rigid-click-parmesan","status":"publish","type":"product","link":"https:\/\/multivloeremmen.nl\/shop\/p\/floorify-f093-rigid-click-parmesan\/","title":{"rendered":"Floorify F093 Rigid Click Parmesan"},"content":{"rendered":"","protected":false},"excerpt":{"rendered":"<p>De pvc vloeren van Floorify hebben een matte afwerking en een natuurgetrouwe geborstelde structuur. De vloeren zijn extreem schok bestendig daar staat Floorify bekend om. Zo zijn de vloeren waterbestendig en overal te gebruiken. De slimme combinatie van de geluidsabsorberende Floorify vloer en comfort ondervloer cre\u00ebert een heerlijk zacht loopoppervlak en een akoestische laag. Wil je in \u00e9\u00e9n ruimte meerdere vloeren van Floorify dit kan zonder overgangsprofiel. Zo krijg je een mooie strakke overgang. Floorify heeft de plinten en profielen in dezelfde kleur en uitvoering als de vloer. De vloer heeft een ondervloer die aan de 10dB norm voldoet.<\/p>\n","protected":false},"featured_media":11954,"comment_status":"closed","ping_status":"closed","template":"","meta":[],"product_cat":[19],"product_tag":[],"class_list":["post-11952","product","type-product","status-publish","has-post-thumbnail","hentry","product_cat-pvc"],"acf":[],"_links":{"self":[{"href":"https:\/\/multivloeremmen.nl\/shop\/wp-json\/wp\/v2\/product\/11952","targetHints":{"allow":["GET"]}}],"collection":[{"href":"https:\/\/multivloeremmen.nl\/shop\/wp-json\/wp\/v2\/product"}],"about":[{"href":"https:\/\/multivloeremmen.nl\/shop\/wp-json\/wp\/v2\/types\/product"}],"replies":[{"embeddable":true,"href":"https:\/\/multivloeremmen.nl\/shop\/wp-json\/wp\/v2\/comments?post=11952"}],"wp:featuredmedia":[{"embeddable":true,"href":"https:\/\/multivloeremmen.nl\/shop\/wp-json\/wp\/v2\/media\/11954"}],"wp:attachment":[{"href":"https:\/\/multivloeremmen.nl\/shop\/wp-json\/wp\/v2\/media?parent=11952"}],"wp:term":[{"taxonomy":"product_cat","embeddable":true,"href":"https:\/\/multivloeremmen.nl\/shop\/wp-json\/wp\/v2\/product_cat?post=11952"},{"taxonomy":"product_tag","embeddable":true,"href":"https:\/\/multivloeremmen.nl\/shop\/wp-json\/wp\/v2\/product_tag?post=11952"}],"curies":[{"name":"wp","href":"https:\/\/api.w.org\/{rel}","templated":true}]}}