{"id":11725,"date":"2024-05-11T11:17:43","date_gmt":"2024-05-11T09:17:43","guid":{"rendered":"https:\/\/multivloeremmen.nl\/shop\/?post_type=product&#038;p=11725"},"modified":"2024-05-11T11:18:48","modified_gmt":"2024-05-11T09:18:48","slug":"footclick-2-large-set-4st-voor-1-stoel","status":"publish","type":"product","link":"https:\/\/multivloeremmen.nl\/shop\/p\/footclick-2-large-set-4st-voor-1-stoel\/","title":{"rendered":"Footclick 2 Large &#8211; Set 4st. voor 1 stoel"},"content":{"rendered":"<p>Is uw houten of kunststof stoelpoot kleiner dan \u00f825mm? Ga dan voor de\u00a0Footfixx Wood. Het beschermvoetje van de Footclick 2 mag namelijk niet uitsteken.<\/p>\n<p>Staan uw houten of kunststof stoelpoten niet vlak t.o.v. de vloer aan de onderkant? Ga dan voor de\u00a0Footfixx Wood 3.0. Die kan namelijk corrigeren tot een hoek van maximaal 30 graden.<\/p>\n<p>Worden de stoelen in kantines, restaurants of scholen gebruikt? Ga dan voor de\u00a0Fixxclick.<\/p>\n","protected":false},"excerpt":{"rendered":"<p><strong>Krasvrije stoelpootdop voor houten en kunststof stoelpoten van minimaal \u00f825mm die vlak op de vloer staan<\/strong><\/p>\n<ul>\n<li><strong>Type vloer<\/strong>: alle harde vloeren (hout, PVC, vinyl, woonbeton, beton cir\u00e9, gietvloeren etc.)<\/li>\n<li><strong>Materiaal<\/strong>: kunststof voorzien van stevig drooglooptapijt.<\/li>\n<li><strong>Bevestiging<\/strong>: eenmalige montage basisdeel d.m.v. schroef in de poot, verwisselbaar beschermvoetje.<\/li>\n<li><strong>Formaat glijvlak<\/strong>: verkrijgbaar in \u00f825, \u00f831 of \u00f844 mm\u00a0(Let op: voetje moet altijd binnen de maat van de poot vallen!).<\/li>\n<li><strong>Hoogte meubel<\/strong>: het meubel komt maximaal 12 mm hoger te staan.<\/li>\n<\/ul>\n<p>Let op:\u00a0De beschermvoetjes hebben\u00a0onderhoud\u00a0nodig.<\/p>\n","protected":false},"featured_media":11722,"comment_status":"closed","ping_status":"closed","template":"","meta":[],"product_cat":[686],"product_tag":[690],"class_list":["post-11725","product","type-product","status-publish","has-post-thumbnail","hentry","product_cat-scratchnomore-onderhoud-vloerbescherming","product_tag-scratch-no-more"],"acf":[],"_links":{"self":[{"href":"https:\/\/multivloeremmen.nl\/shop\/wp-json\/wp\/v2\/product\/11725","targetHints":{"allow":["GET"]}}],"collection":[{"href":"https:\/\/multivloeremmen.nl\/shop\/wp-json\/wp\/v2\/product"}],"about":[{"href":"https:\/\/multivloeremmen.nl\/shop\/wp-json\/wp\/v2\/types\/product"}],"replies":[{"embeddable":true,"href":"https:\/\/multivloeremmen.nl\/shop\/wp-json\/wp\/v2\/comments?post=11725"}],"wp:featuredmedia":[{"embeddable":true,"href":"https:\/\/multivloeremmen.nl\/shop\/wp-json\/wp\/v2\/media\/11722"}],"wp:attachment":[{"href":"https:\/\/multivloeremmen.nl\/shop\/wp-json\/wp\/v2\/media?parent=11725"}],"wp:term":[{"taxonomy":"product_cat","embeddable":true,"href":"https:\/\/multivloeremmen.nl\/shop\/wp-json\/wp\/v2\/product_cat?post=11725"},{"taxonomy":"product_tag","embeddable":true,"href":"https:\/\/multivloeremmen.nl\/shop\/wp-json\/wp\/v2\/product_tag?post=11725"}],"curies":[{"name":"wp","href":"https:\/\/api.w.org\/{rel}","templated":true}]}}